{"id":1749,"date":"2024-03-11T08:17:27","date_gmt":"2024-03-11T08:17:27","guid":{"rendered":"https:\/\/mariethumaspro.com\/cookiebeleid\/"},"modified":"2024-09-13T13:37:03","modified_gmt":"2024-09-13T13:37:03","slug":"politique-de-cookies","status":"publish","type":"page","link":"https:\/\/mariethumaspro.com\/fr\/politique-de-cookies\/","title":{"rendered":"Politique de Cookies"},"content":{"rendered":"<p>[et_pb_section fb_built=\u00a0\u00bb1&Prime; custom_padding_last_edited=\u00a0\u00bbon|tablet\u00a0\u00bb admin_label=\u00a0\u00bbSection\u00a0\u00bb module_class=\u00a0\u00bbdevider-bottom-green\u00a0\u00bb _builder_version=\u00a0\u00bb4.24.0&Prime; _module_preset=\u00a0\u00bbdefault\u00a0\u00bb background_color=\u00a0\u00bb#FFFFFF\u00a0\u00bb z_index=\u00a0\u00bb2&Prime; min_height=\u00a0\u00bb100vh\u00a0\u00bb custom_padding=\u00a0\u00bb13vw||9vw||false|false\u00a0\u00bb custom_padding_tablet=\u00a0\u00bb12rem||6rem||false|false\u00a0\u00bb custom_padding_phone=\u00a0\u00bb6rem||3rem||false|false\u00a0\u00bb locked=\u00a0\u00bboff\u00a0\u00bb global_colors_info=\u00a0\u00bb{}\u00a0\u00bb][et_pb_row custom_padding_last_edited=\u00a0\u00bbon|phone\u00a0\u00bb admin_label=\u00a0\u00bbRow\u00a0\u00bb module_class=\u00a0\u00bb_uws-row\u00a0\u00bb _builder_version=\u00a0\u00bb4.24.0&Prime; _module_preset=\u00a0\u00bbdefault\u00a0\u00bb width=\u00a0\u00bb100%\u00a0\u00bb max_width=\u00a0\u00bb980px\u00a0\u00bb max_width_tablet=\u00a0\u00bb1200px\u00a0\u00bb max_width_phone=\u00a0\u00bb400px\u00a0\u00bb max_width_last_edited=\u00a0\u00bbon|phone\u00a0\u00bb custom_padding=\u00a0\u00bb|30px|1rem|30px|false|true\u00a0\u00bb custom_padding_tablet=\u00a0\u00bb|30px||30px|false|true\u00a0\u00bb custom_padding_phone=\u00a0\u00bb1rem|20px||20px|false|true\u00a0\u00bb module_alignment_tablet=\u00a0\u00bb\u00a0\u00bb module_alignment_phone=\u00a0\u00bbcenter\u00a0\u00bb module_alignment_last_edited=\u00a0\u00bbon|phone\u00a0\u00bb locked=\u00a0\u00bboff\u00a0\u00bb global_colors_info=\u00a0\u00bb{}\u00a0\u00bb][et_pb_column type=\u00a0\u00bb4_4&Prime; module_class=\u00a0\u00bb_grid_four\u00a0\u00bb _builder_version=\u00a0\u00bb4.24.0&Prime; _module_preset=\u00a0\u00bbdefault\u00a0\u00bb global_colors_info=\u00a0\u00bb{}\u00a0\u00bb][et_pb_text _builder_version=\u00a0\u00bb4.24.0&Prime; _module_preset=\u00a0\u00bbafb081e1-029c-4cac-93ea-b15d78206137&Prime; header_2_text_align=\u00a0\u00bbleft\u00a0\u00bb header_2_letter_spacing=\u00a0\u00bb-0.03em\u00a0\u00bb module_alignment=\u00a0\u00bbcenter\u00a0\u00bb custom_margin=\u00a0\u00bb||1rem||false|false\u00a0\u00bb custom_margin_tablet=\u00a0\u00bb||1rem||false|false\u00a0\u00bb custom_margin_phone=\u00a0\u00bb||0.6rem||false|false\u00a0\u00bb custom_margin_last_edited=\u00a0\u00bbon|phone\u00a0\u00bb hover_enabled=\u00a0\u00bb0&Prime; dsm_modules_custom_attribute_on_off=\u00a0\u00bbon\u00a0\u00bb dsm_custom_attributes_options=\u00a0\u00bb%91{%22value%22:%22test%22,%22checked%22:1,%22dragID%22:-1,%22link_url%22:%22data-test%22,%22link_text%22:%2210%22}%93&Prime; global_colors_info=\u00a0\u00bb{}\u00a0\u00bb sticky_enabled=\u00a0\u00bb0&Prime;]<\/p>\n<h2>Politique de Cookies<\/h2>\n<p>[\/et_pb_text][et_pb_text _builder_version=\u00a0\u00bb4.24.0&Prime; _module_preset=\u00a0\u00bbafb081e1-029c-4cac-93ea-b15d78206137&Prime; header_2_text_align=\u00a0\u00bbleft\u00a0\u00bb header_2_letter_spacing=\u00a0\u00bb-0.03em\u00a0\u00bb module_alignment=\u00a0\u00bbcenter\u00a0\u00bb custom_margin=\u00a0\u00bb||||false|false\u00a0\u00bb custom_margin_tablet=\u00a0\u00bb||||false|false\u00a0\u00bb custom_margin_phone=\u00a0\u00bb||||false|false\u00a0\u00bb custom_margin_last_edited=\u00a0\u00bbon|tablet\u00a0\u00bb hover_enabled=\u00a0\u00bb0&Prime; dsm_modules_custom_attribute_on_off=\u00a0\u00bbon\u00a0\u00bb dsm_custom_attributes_options=\u00a0\u00bb%91{%22value%22:%22test%22,%22checked%22:1,%22dragID%22:-1,%22link_url%22:%22data-test%22,%22link_text%22:%2210%22}%93&Prime; global_colors_info=\u00a0\u00bb{}\u00a0\u00bb sticky_enabled=\u00a0\u00bb0&Prime;]Date d&rsquo;entr\u00e9e en vigueur : 27 mai 2024<br \/>\nDerni\u00e8re mise \u00e0 jour : 27 mai 2024[\/et_pb_text][et_pb_text _builder_version=\u00a0\u00bb4.24.0&Prime; _module_preset=\u00a0\u00bbafb081e1-029c-4cac-93ea-b15d78206137&Prime; header_2_text_align=\u00a0\u00bbleft\u00a0\u00bb header_2_letter_spacing=\u00a0\u00bb-0.03em\u00a0\u00bb module_alignment=\u00a0\u00bbcenter\u00a0\u00bb custom_margin=\u00a0\u00bb||0.5rem||false|false\u00a0\u00bb custom_margin_tablet=\u00a0\u00bb||0.5rem||false|false\u00a0\u00bb custom_margin_phone=\u00a0\u00bb||0.5rem||false|false\u00a0\u00bb custom_margin_last_edited=\u00a0\u00bbon|phone\u00a0\u00bb hover_enabled=\u00a0\u00bb0&Prime; dsm_modules_custom_attribute_on_off=\u00a0\u00bbon\u00a0\u00bb dsm_custom_attributes_options=\u00a0\u00bb%91{%22value%22:%22test%22,%22checked%22:1,%22dragID%22:-1,%22link_url%22:%22data-test%22,%22link_text%22:%2210%22}%93&Prime; global_colors_info=\u00a0\u00bb{}\u00a0\u00bb sticky_enabled=\u00a0\u00bb0&Prime;]<\/p>\n<h6>Que sont les cookies ?<\/h6>\n<p>[\/et_pb_text][et_pb_text _builder_version=\u00a0\u00bb4.24.0&Prime; _module_preset=\u00a0\u00bbafb081e1-029c-4cac-93ea-b15d78206137&Prime; header_2_text_align=\u00a0\u00bbleft\u00a0\u00bb header_2_letter_spacing=\u00a0\u00bb-0.03em\u00a0\u00bb module_alignment=\u00a0\u00bbcenter\u00a0\u00bb custom_margin=\u00a0\u00bb||||false|false\u00a0\u00bb custom_margin_tablet=\u00a0\u00bb||||false|false\u00a0\u00bb custom_margin_phone=\u00a0\u00bb||||false|false\u00a0\u00bb custom_margin_last_edited=\u00a0\u00bbon|phone\u00a0\u00bb hover_enabled=\u00a0\u00bb0&Prime; dsm_modules_custom_attribute_on_off=\u00a0\u00bbon\u00a0\u00bb dsm_custom_attributes_options=\u00a0\u00bb%91{%22value%22:%22test%22,%22checked%22:1,%22dragID%22:-1,%22link_url%22:%22data-test%22,%22link_text%22:%2210%22}%93&Prime; global_colors_info=\u00a0\u00bb{}\u00a0\u00bb sticky_enabled=\u00a0\u00bb0&Prime;]Cette Politique de Cookies explique ce que sont les cookies et comment nous les utilisons, les types de cookies que nous utilisons, c&rsquo;est-\u00e0-dire les informations que nous collectons \u00e0 l&rsquo;aide de cookies et comment ces informations sont utilis\u00e9es, ainsi que la mani\u00e8re de g\u00e9rer les param\u00e8tres des cookies.<\/p>\n<p>Les cookies sont de petits fichiers texte utilis\u00e9s pour stocker de petites informations. Ils sont enregistr\u00e9s sur votre appareil lorsque le site Web est charg\u00e9 dans votre navigateur. Ces cookies nous aident \u00e0 faire fonctionner correctement le site Web, \u00e0 le rendre plus s\u00e9curis\u00e9, \u00e0 am\u00e9liorer l&rsquo;exp\u00e9rience utilisateur, \u00e0 comprendre comment le site Web fonctionne et \u00e0 analyser ce qui fonctionne et ce qui n\u00e9cessite des am\u00e9liorations.[\/et_pb_text][et_pb_text _builder_version=\u00a0\u00bb4.24.0&Prime; _module_preset=\u00a0\u00bbafb081e1-029c-4cac-93ea-b15d78206137&Prime; header_2_text_align=\u00a0\u00bbleft\u00a0\u00bb header_2_letter_spacing=\u00a0\u00bb-0.03em\u00a0\u00bb module_alignment=\u00a0\u00bbcenter\u00a0\u00bb custom_margin=\u00a0\u00bb||0.5rem||false|false\u00a0\u00bb custom_margin_tablet=\u00a0\u00bb||0.5rem||false|false\u00a0\u00bb custom_margin_phone=\u00a0\u00bb||0.5rem||false|false\u00a0\u00bb custom_margin_last_edited=\u00a0\u00bbon|phone\u00a0\u00bb hover_enabled=\u00a0\u00bb0&Prime; dsm_modules_custom_attribute_on_off=\u00a0\u00bbon\u00a0\u00bb dsm_custom_attributes_options=\u00a0\u00bb%91{%22value%22:%22test%22,%22checked%22:1,%22dragID%22:-1,%22link_url%22:%22data-test%22,%22link_text%22:%2210%22}%93&Prime; global_colors_info=\u00a0\u00bb{}\u00a0\u00bb sticky_enabled=\u00a0\u00bb0&Prime;]<\/p>\n<h6>Comment utilisons-nous les cookies ?<\/h6>\n<p>[\/et_pb_text][et_pb_text _builder_version=\u00a0\u00bb4.24.0&Prime; _module_preset=\u00a0\u00bbafb081e1-029c-4cac-93ea-b15d78206137&Prime; header_2_text_align=\u00a0\u00bbleft\u00a0\u00bb header_2_letter_spacing=\u00a0\u00bb-0.03em\u00a0\u00bb module_alignment=\u00a0\u00bbcenter\u00a0\u00bb custom_margin=\u00a0\u00bb||||false|false\u00a0\u00bb custom_margin_tablet=\u00a0\u00bb||||false|false\u00a0\u00bb custom_margin_phone=\u00a0\u00bb||||false|false\u00a0\u00bb custom_margin_last_edited=\u00a0\u00bbon|phone\u00a0\u00bb hover_enabled=\u00a0\u00bb0&Prime; dsm_modules_custom_attribute_on_off=\u00a0\u00bbon\u00a0\u00bb dsm_custom_attributes_options=\u00a0\u00bb%91{%22value%22:%22test%22,%22checked%22:1,%22dragID%22:-1,%22link_url%22:%22data-test%22,%22link_text%22:%2210%22}%93&Prime; locked=\u00a0\u00bboff\u00a0\u00bb global_colors_info=\u00a0\u00bb{}\u00a0\u00bb sticky_enabled=\u00a0\u00bb0&Prime;]Comme la plupart des services en ligne, notre site Web utilise des cookies de premi\u00e8re partie et des cookies tiers \u00e0 diverses fins. Les cookies de premi\u00e8re partie sont principalement n\u00e9cessaires au bon fonctionnement du site Web et ne collectent aucune donn\u00e9e personnellement identifiable.<\/p>\n<p>Les cookies tiers utilis\u00e9s sur notre site Web servent principalement \u00e0 comprendre comment le site Web fonctionne, comment vous interagissez avec notre site Web, \u00e0 s\u00e9curiser nos services, \u00e0 fournir des publicit\u00e9s pertinentes pour vous et, en somme, \u00e0 vous offrir une meilleure exp\u00e9rience utilisateur et \u00e0 acc\u00e9l\u00e9rer vos futures interactions avec notre site Web.[\/et_pb_text][et_pb_text _builder_version=\u00a0\u00bb4.24.0&Prime; _module_preset=\u00a0\u00bbafb081e1-029c-4cac-93ea-b15d78206137&Prime; header_2_text_align=\u00a0\u00bbleft\u00a0\u00bb header_2_letter_spacing=\u00a0\u00bb-0.03em\u00a0\u00bb module_alignment=\u00a0\u00bbcenter\u00a0\u00bb custom_margin=\u00a0\u00bb||0.5rem||false|false\u00a0\u00bb custom_margin_tablet=\u00a0\u00bb||0.5rem||false|false\u00a0\u00bb custom_margin_phone=\u00a0\u00bb||0.5rem||false|false\u00a0\u00bb custom_margin_last_edited=\u00a0\u00bbon|phone\u00a0\u00bb hover_enabled=\u00a0\u00bb0&Prime; dsm_modules_custom_attribute_on_off=\u00a0\u00bbon\u00a0\u00bb dsm_custom_attributes_options=\u00a0\u00bb%91{%22value%22:%22test%22,%22checked%22:1,%22dragID%22:-1,%22link_url%22:%22data-test%22,%22link_text%22:%2210%22}%93&Prime; global_colors_info=\u00a0\u00bb{}\u00a0\u00bb sticky_enabled=\u00a0\u00bb0&Prime;]<\/p>\n<h6>Types de Cookies que nous utilisons<\/h6>\n<p>[\/et_pb_text][et_pb_code _builder_version=\u00a0\u00bb4.24.0&Prime; _module_preset=\u00a0\u00bbdefault\u00a0\u00bb global_colors_info=\u00a0\u00bb{}\u00a0\u00bb]<\/p>\n<div class=\"cky-audit-table-element\"><\/div>\n<p>[\/et_pb_code][et_pb_text _builder_version=\u00a0\u00bb4.24.0&Prime; _module_preset=\u00a0\u00bbafb081e1-029c-4cac-93ea-b15d78206137&Prime; header_2_text_align=\u00a0\u00bbleft\u00a0\u00bb header_2_letter_spacing=\u00a0\u00bb-0.03em\u00a0\u00bb module_alignment=\u00a0\u00bbcenter\u00a0\u00bb custom_margin=\u00a0\u00bb||0.5rem||false|false\u00a0\u00bb custom_margin_tablet=\u00a0\u00bb||0.5rem||false|false\u00a0\u00bb custom_margin_phone=\u00a0\u00bb||0.5rem||false|false\u00a0\u00bb custom_margin_last_edited=\u00a0\u00bbon|phone\u00a0\u00bb hover_enabled=\u00a0\u00bb0&Prime; dsm_modules_custom_attribute_on_off=\u00a0\u00bbon\u00a0\u00bb dsm_custom_attributes_options=\u00a0\u00bb%91{%22value%22:%22test%22,%22checked%22:1,%22dragID%22:-1,%22link_url%22:%22data-test%22,%22link_text%22:%2210%22}%93&Prime; global_colors_info=\u00a0\u00bb{}\u00a0\u00bb sticky_enabled=\u00a0\u00bb0&Prime;]<\/p>\n<h6>G\u00e9rer les pr\u00e9f\u00e9rences en mati\u00e8re de cookies<\/h6>\n<p>[\/et_pb_text][et_pb_text _builder_version=\u00a0\u00bb4.24.0&Prime; _module_preset=\u00a0\u00bbafb081e1-029c-4cac-93ea-b15d78206137&Prime; header_2_text_align=\u00a0\u00bbleft\u00a0\u00bb header_2_letter_spacing=\u00a0\u00bb-0.03em\u00a0\u00bb module_alignment=\u00a0\u00bbcenter\u00a0\u00bb custom_margin=\u00a0\u00bb||||false|false\u00a0\u00bb custom_margin_tablet=\u00a0\u00bb||||false|false\u00a0\u00bb custom_margin_phone=\u00a0\u00bb||||false|false\u00a0\u00bb custom_margin_last_edited=\u00a0\u00bbon|phone\u00a0\u00bb hover_enabled=\u00a0\u00bb0&Prime; dsm_modules_custom_attribute_on_off=\u00a0\u00bbon\u00a0\u00bb dsm_custom_attributes_options=\u00a0\u00bb%91{%22value%22:%22test%22,%22checked%22:1,%22dragID%22:-1,%22link_url%22:%22data-test%22,%22link_text%22:%2210%22}%93&Prime; locked=\u00a0\u00bboff\u00a0\u00bb global_colors_info=\u00a0\u00bb{}\u00a0\u00bb sticky_enabled=\u00a0\u00bb0&Prime;]<a class=\"cky-banner-element\">Param\u00e8tres des Cookies<\/a><\/p>\n<p>Vous pouvez modifier vos pr\u00e9f\u00e9rences en mati\u00e8re de cookies \u00e0 tout moment en cliquant sur le bouton ci-dessus. Cela vous permettra de revoir la banni\u00e8re de consentement aux cookies et de changer vos pr\u00e9f\u00e9rences ou de retirer votre consentement imm\u00e9diatement.<\/p>\n<p>De plus, diff\u00e9rents navigateurs fournissent des m\u00e9thodes vari\u00e9es pour bloquer et supprimer les cookies utilis\u00e9s par les sites Web. Vous pouvez modifier les param\u00e8tres de votre navigateur pour bloquer\/supprimer les cookies. Ci-dessous, vous trouverez les liens vers les documents d&rsquo;assistance sur la gestion et la suppression des cookies pour les principaux navigateurs web.<\/p>\n<p>Chrome : <span>\u00a0<\/span><a href=\"https:\/\/support.google.com\/accounts\/answer\/32050\" target=\"_blank\" rel=\"noopener\">https:\/\/support.google.com\/accounts\/answer\/32050<\/a><\/p>\n<p>Safari:<span>\u00a0<\/span><a href=\"https:\/\/support.apple.com\/en-in\/guide\/safari\/sfri11471\/mac\" target=\"_blank\" rel=\"noopener\">https:\/\/support.apple.com\/en-in\/guide\/safari\/sfri11471\/mac<\/a><\/p>\n<p>Firefox:<span>\u00a0<\/span><a href=\"https:\/\/support.mozilla.org\/en-US\/kb\/clear-cookies-and-site-data-firefox?redirectslug=delete-cookies-remove-info-websites-stored&amp;redirectlocale=en-US\" target=\"_blank\" rel=\"noopener\">https:\/\/support.mozilla.org\/en-US\/kb\/clear-cookies-and-site-data-firefox?redirectslug=delete-cookies-remove-info-websites-stored&amp;redirectlocale=en-US<\/a><\/p>\n<p>Internet Explorer:<span>\u00a0<\/span><a href=\"https:\/\/support.microsoft.com\/en-us\/topic\/how-to-delete-cookie-files-in-internet-explorer-bca9446f-d873-78de-77ba-d42645fa52fc\" target=\"_blank\" rel=\"noopener\">https:\/\/support.microsoft.com\/en-us\/topic\/how-to-delete-cookie-files-in-internet-explorer-bca9446f-d873-78de-77ba-d42645fa52fc<\/a><\/p>\n<p>Si vous utilisez un autre navigateur web, veuillez consulter les documents d&rsquo;assistance officiels de votre navigateur.[\/et_pb_text][\/et_pb_column][\/et_pb_row][\/et_pb_section]<\/p>\n","protected":false},"excerpt":{"rendered":"<p>Politique de CookiesDate d&rsquo;entr\u00e9e en vigueur : 27 mai 2024 Derni\u00e8re mise \u00e0 jour : 27 mai 2024Que sont les cookies ?Cette Politique de Cookies explique ce que sont les cookies et comment nous les utilisons, les types de cookies que nous utilisons, c&rsquo;est-\u00e0-dire les informations que nous collectons \u00e0 l&rsquo;aide de cookies et comment ces informations sont utilis\u00e9es, ainsi que la mani\u00e8re de g\u00e9rer les param\u00e8tres des cookies. Les cookies sont de petits fichiers texte utilis\u00e9s pour stocker de petites informations. Ils sont enregistr\u00e9s sur votre appareil lorsque le site Web est charg\u00e9 dans votre navigateur. Ces cookies nous aident \u00e0 faire fonctionner correctement le site Web, \u00e0 le rendre plus s\u00e9curis\u00e9, \u00e0 am\u00e9liorer l&rsquo;exp\u00e9rience utilisateur, \u00e0 comprendre comment le site Web fonctionne et \u00e0 analyser ce qui fonctionne et ce qui n\u00e9cessite des am\u00e9liorations.Comment utilisons-nous les cookies ?Comme la plupart des services en ligne, notre site Web utilise des cookies de premi\u00e8re partie et des cookies tiers \u00e0 diverses fins. Les cookies de premi\u00e8re partie sont principalement n\u00e9cessaires au bon fonctionnement du site Web et ne collectent aucune donn\u00e9e personnellement identifiable. Les cookies tiers utilis\u00e9s sur notre site Web servent principalement \u00e0 comprendre comment le site Web fonctionne, [&hellip;]<\/p>\n","protected":false},"author":1,"featured_media":0,"parent":0,"menu_order":0,"comment_status":"closed","ping_status":"closed","template":"","meta":{"_acf_changed":false,"_et_pb_use_builder":"on","_et_pb_old_content":"","_et_gb_content_width":"","inline_featured_image":false,"footnotes":""},"dipi_cpt_category":[],"class_list":["post-1749","page","type-page","status-publish","hentry"],"acf":[],"yoast_head":"<!-- This site is optimized with the Yoast SEO plugin v27.3 - https:\/\/yoast.com\/product\/yoast-seo-wordpress\/ -->\n<title>Politique de Cookies - Marie Thumas<\/title>\n<meta name=\"robots\" content=\"index, follow, max-snippet:-1, max-image-preview:large, max-video-preview:-1\" \/>\n<link rel=\"canonical\" href=\"https:\/\/mariethumaspro.com\/fr\/politique-de-cookies\/\" \/>\n<meta property=\"og:locale\" content=\"fr_FR\" \/>\n<meta property=\"og:type\" content=\"article\" \/>\n<meta property=\"og:title\" content=\"Politique de Cookies - Marie Thumas\" \/>\n<meta property=\"og:description\" content=\"Politique de CookiesDate d&#039;entr\u00e9e en vigueur : 27 mai 2024 Derni\u00e8re mise \u00e0 jour : 27 mai 2024Que sont les cookies ?Cette Politique de Cookies explique ce que sont les cookies et comment nous les utilisons, les types de cookies que nous utilisons, c&#039;est-\u00e0-dire les informations que nous collectons \u00e0 l&#039;aide de cookies et comment ces informations sont utilis\u00e9es, ainsi que la mani\u00e8re de g\u00e9rer les param\u00e8tres des cookies. Les cookies sont de petits fichiers texte utilis\u00e9s pour stocker de petites informations. Ils sont enregistr\u00e9s sur votre appareil lorsque le site Web est charg\u00e9 dans votre navigateur. Ces cookies nous aident \u00e0 faire fonctionner correctement le site Web, \u00e0 le rendre plus s\u00e9curis\u00e9, \u00e0 am\u00e9liorer l&#039;exp\u00e9rience utilisateur, \u00e0 comprendre comment le site Web fonctionne et \u00e0 analyser ce qui fonctionne et ce qui n\u00e9cessite des am\u00e9liorations.Comment utilisons-nous les cookies ?Comme la plupart des services en ligne, notre site Web utilise des cookies de premi\u00e8re partie et des cookies tiers \u00e0 diverses fins. Les cookies de premi\u00e8re partie sont principalement n\u00e9cessaires au bon fonctionnement du site Web et ne collectent aucune donn\u00e9e personnellement identifiable. Les cookies tiers utilis\u00e9s sur notre site Web servent principalement \u00e0 comprendre comment le site Web fonctionne, [&hellip;]\" \/>\n<meta property=\"og:url\" content=\"https:\/\/mariethumaspro.com\/fr\/politique-de-cookies\/\" \/>\n<meta property=\"og:site_name\" content=\"Marie Thumas\" \/>\n<meta property=\"article:modified_time\" content=\"2024-09-13T13:37:03+00:00\" \/>\n<meta name=\"twitter:card\" content=\"summary_large_image\" \/>\n<meta name=\"twitter:label1\" content=\"Est. reading time\" \/>\n\t<meta name=\"twitter:data1\" content=\"7 minutes\" \/>\n<script type=\"application\/ld+json\" class=\"yoast-schema-graph\">{\"@context\":\"https:\\\/\\\/schema.org\",\"@graph\":[{\"@type\":\"WebPage\",\"@id\":\"https:\\\/\\\/mariethumaspro.com\\\/fr\\\/politique-de-cookies\\\/\",\"url\":\"https:\\\/\\\/mariethumaspro.com\\\/fr\\\/politique-de-cookies\\\/\",\"name\":\"Politique de Cookies - Marie Thumas\",\"isPartOf\":{\"@id\":\"https:\\\/\\\/mariethumaspro.com\\\/fr\\\/#website\"},\"datePublished\":\"2024-03-11T08:17:27+00:00\",\"dateModified\":\"2024-09-13T13:37:03+00:00\",\"breadcrumb\":{\"@id\":\"https:\\\/\\\/mariethumaspro.com\\\/fr\\\/politique-de-cookies\\\/#breadcrumb\"},\"inLanguage\":\"fr-FR\",\"potentialAction\":[{\"@type\":\"ReadAction\",\"target\":[\"https:\\\/\\\/mariethumaspro.com\\\/fr\\\/politique-de-cookies\\\/\"]}]},{\"@type\":\"BreadcrumbList\",\"@id\":\"https:\\\/\\\/mariethumaspro.com\\\/fr\\\/politique-de-cookies\\\/#breadcrumb\",\"itemListElement\":[{\"@type\":\"ListItem\",\"position\":1,\"name\":\"Home\",\"item\":\"https:\\\/\\\/mariethumaspro.com\\\/fr\\\/\"},{\"@type\":\"ListItem\",\"position\":2,\"name\":\"Politique de Cookies\"}]},{\"@type\":\"WebSite\",\"@id\":\"https:\\\/\\\/mariethumaspro.com\\\/fr\\\/#website\",\"url\":\"https:\\\/\\\/mariethumaspro.com\\\/fr\\\/\",\"name\":\"Marie Thumas\",\"description\":\"\",\"potentialAction\":[{\"@type\":\"SearchAction\",\"target\":{\"@type\":\"EntryPoint\",\"urlTemplate\":\"https:\\\/\\\/mariethumaspro.com\\\/fr\\\/?s={search_term_string}\"},\"query-input\":{\"@type\":\"PropertyValueSpecification\",\"valueRequired\":true,\"valueName\":\"search_term_string\"}}],\"inLanguage\":\"fr-FR\"}]}<\/script>\n<!-- \/ Yoast SEO plugin. -->","yoast_head_json":{"title":"Politique de Cookies - Marie Thumas","robots":{"index":"index","follow":"follow","max-snippet":"max-snippet:-1","max-image-preview":"max-image-preview:large","max-video-preview":"max-video-preview:-1"},"canonical":"https:\/\/mariethumaspro.com\/fr\/politique-de-cookies\/","og_locale":"fr_FR","og_type":"article","og_title":"Politique de Cookies - Marie Thumas","og_description":"Politique de CookiesDate d'entr\u00e9e en vigueur : 27 mai 2024 Derni\u00e8re mise \u00e0 jour : 27 mai 2024Que sont les cookies ?Cette Politique de Cookies explique ce que sont les cookies et comment nous les utilisons, les types de cookies que nous utilisons, c'est-\u00e0-dire les informations que nous collectons \u00e0 l'aide de cookies et comment ces informations sont utilis\u00e9es, ainsi que la mani\u00e8re de g\u00e9rer les param\u00e8tres des cookies. Les cookies sont de petits fichiers texte utilis\u00e9s pour stocker de petites informations. Ils sont enregistr\u00e9s sur votre appareil lorsque le site Web est charg\u00e9 dans votre navigateur. Ces cookies nous aident \u00e0 faire fonctionner correctement le site Web, \u00e0 le rendre plus s\u00e9curis\u00e9, \u00e0 am\u00e9liorer l'exp\u00e9rience utilisateur, \u00e0 comprendre comment le site Web fonctionne et \u00e0 analyser ce qui fonctionne et ce qui n\u00e9cessite des am\u00e9liorations.Comment utilisons-nous les cookies ?Comme la plupart des services en ligne, notre site Web utilise des cookies de premi\u00e8re partie et des cookies tiers \u00e0 diverses fins. Les cookies de premi\u00e8re partie sont principalement n\u00e9cessaires au bon fonctionnement du site Web et ne collectent aucune donn\u00e9e personnellement identifiable. Les cookies tiers utilis\u00e9s sur notre site Web servent principalement \u00e0 comprendre comment le site Web fonctionne, [&hellip;]","og_url":"https:\/\/mariethumaspro.com\/fr\/politique-de-cookies\/","og_site_name":"Marie Thumas","article_modified_time":"2024-09-13T13:37:03+00:00","twitter_card":"summary_large_image","twitter_misc":{"Est. reading time":"7 minutes"},"schema":{"@context":"https:\/\/schema.org","@graph":[{"@type":"WebPage","@id":"https:\/\/mariethumaspro.com\/fr\/politique-de-cookies\/","url":"https:\/\/mariethumaspro.com\/fr\/politique-de-cookies\/","name":"Politique de Cookies - Marie Thumas","isPartOf":{"@id":"https:\/\/mariethumaspro.com\/fr\/#website"},"datePublished":"2024-03-11T08:17:27+00:00","dateModified":"2024-09-13T13:37:03+00:00","breadcrumb":{"@id":"https:\/\/mariethumaspro.com\/fr\/politique-de-cookies\/#breadcrumb"},"inLanguage":"fr-FR","potentialAction":[{"@type":"ReadAction","target":["https:\/\/mariethumaspro.com\/fr\/politique-de-cookies\/"]}]},{"@type":"BreadcrumbList","@id":"https:\/\/mariethumaspro.com\/fr\/politique-de-cookies\/#breadcrumb","itemListElement":[{"@type":"ListItem","position":1,"name":"Home","item":"https:\/\/mariethumaspro.com\/fr\/"},{"@type":"ListItem","position":2,"name":"Politique de Cookies"}]},{"@type":"WebSite","@id":"https:\/\/mariethumaspro.com\/fr\/#website","url":"https:\/\/mariethumaspro.com\/fr\/","name":"Marie Thumas","description":"","potentialAction":[{"@type":"SearchAction","target":{"@type":"EntryPoint","urlTemplate":"https:\/\/mariethumaspro.com\/fr\/?s={search_term_string}"},"query-input":{"@type":"PropertyValueSpecification","valueRequired":true,"valueName":"search_term_string"}}],"inLanguage":"fr-FR"}]}},"_links":{"self":[{"href":"https:\/\/mariethumaspro.com\/fr\/wp-json\/wp\/v2\/pages\/1749","targetHints":{"allow":["GET"]}}],"collection":[{"href":"https:\/\/mariethumaspro.com\/fr\/wp-json\/wp\/v2\/pages"}],"about":[{"href":"https:\/\/mariethumaspro.com\/fr\/wp-json\/wp\/v2\/types\/page"}],"author":[{"embeddable":true,"href":"https:\/\/mariethumaspro.com\/fr\/wp-json\/wp\/v2\/users\/1"}],"replies":[{"embeddable":true,"href":"https:\/\/mariethumaspro.com\/fr\/wp-json\/wp\/v2\/comments?post=1749"}],"version-history":[{"count":19,"href":"https:\/\/mariethumaspro.com\/fr\/wp-json\/wp\/v2\/pages\/1749\/revisions"}],"predecessor-version":[{"id":4474,"href":"https:\/\/mariethumaspro.com\/fr\/wp-json\/wp\/v2\/pages\/1749\/revisions\/4474"}],"wp:attachment":[{"href":"https:\/\/mariethumaspro.com\/fr\/wp-json\/wp\/v2\/media?parent=1749"}],"wp:term":[{"taxonomy":"dipi_cpt_category","embeddable":true,"href":"https:\/\/mariethumaspro.com\/fr\/wp-json\/wp\/v2\/dipi_cpt_category?post=1749"}],"curies":[{"name":"wp","href":"https:\/\/api.w.org\/{rel}","templated":true}]}}