{"id":1691,"date":"2024-03-09T12:22:38","date_gmt":"2024-03-09T12:22:38","guid":{"rendered":"https:\/\/mariethumaspro.com\/contacter\/"},"modified":"2024-03-17T06:06:07","modified_gmt":"2024-03-17T06:06:07","slug":"contacter","status":"publish","type":"page","link":"https:\/\/mariethumaspro.com\/fr\/contacter\/","title":{"rendered":"Contacter"},"content":{"rendered":"<p>[et_pb_section fb_built=\u00a0\u00bb1&Prime; custom_padding_last_edited=\u00a0\u00bbon|phone\u00a0\u00bb module_class=\u00a0\u00bbdevider-bottom-green\u00a0\u00bb _builder_version=\u00a0\u00bb4.24.0&Prime; _module_preset=\u00a0\u00bbdefault\u00a0\u00bb background_color=\u00a0\u00bb#FFFFFF\u00a0\u00bb min_height=\u00a0\u00bb100vh\u00a0\u00bb custom_padding=\u00a0\u00bb12vw||7vw||false|false\u00a0\u00bb custom_padding_tablet=\u00a0\u00bb10rem||6rem||false|false\u00a0\u00bb custom_padding_phone=\u00a0\u00bb5rem||1.5rem||false|false\u00a0\u00bb global_colors_info=\u00a0\u00bb{}\u00a0\u00bb][et_pb_row custom_padding_last_edited=\u00a0\u00bbon|phone\u00a0\u00bb _builder_version=\u00a0\u00bb4.24.0&Prime; _module_preset=\u00a0\u00bbdefault\u00a0\u00bb width=\u00a0\u00bb100%\u00a0\u00bb max_width=\u00a0\u00bb980px\u00a0\u00bb custom_padding=\u00a0\u00bb|30px||30px|false|true\u00a0\u00bb custom_padding_tablet=\u00a0\u00bb|30px||30px|false|true\u00a0\u00bb custom_padding_phone=\u00a0\u00bb|20px||20px|false|true\u00a0\u00bb global_colors_info=\u00a0\u00bb{}\u00a0\u00bb][et_pb_column type=\u00a0\u00bb4_4&Prime; _builder_version=\u00a0\u00bb4.24.0&Prime; _module_preset=\u00a0\u00bbdefault\u00a0\u00bb global_colors_info=\u00a0\u00bb{}\u00a0\u00bb][et_pb_text _builder_version=\u00a0\u00bb4.24.0&Prime; _module_preset=\u00a0\u00bbafb081e1-029c-4cac-93ea-b15d78206137&Prime; header_text_align=\u00a0\u00bbcenter\u00a0\u00bb custom_margin=\u00a0\u00bb||3rem||false|false\u00a0\u00bb custom_margin_tablet=\u00a0\u00bb||3rem||false|false\u00a0\u00bb custom_margin_phone=\u00a0\u00bb||1.5rem||false|false\u00a0\u00bb custom_margin_last_edited=\u00a0\u00bbon|phone\u00a0\u00bb global_colors_info=\u00a0\u00bb{}\u00a0\u00bb]<\/p>\n<h1>Contacter<\/h1>\n<p>[\/et_pb_text][dsm_contact_form_7 cf7_library=\u00a0\u00bb8&Prime; input_background_color=\u00a0\u00bbRGBA(255,255,255,0)\u00a0\u00bb _builder_version=\u00a0\u00bb4.24.0&Prime; _module_preset=\u00a0\u00bbdefault\u00a0\u00bb labels_font=\u00a0\u00bbMyriadPro-Cond||||||||\u00a0\u00bb labels_text_color=\u00a0\u00bb#511D9A\u00a0\u00bb labels_font_size=\u00a0\u00bb18px\u00a0\u00bb input_textarea_select_font=\u00a0\u00bbWork Sans||||||||\u00a0\u00bb input_textarea_select_font_size=\u00a0\u00bb16px\u00a0\u00bb error_validation_font=\u00a0\u00bbWork Sans||||||||\u00a0\u00bb error_validation_text_align=\u00a0\u00bbcenter\u00a0\u00bb error_validation_font_size=\u00a0\u00bb13px\u00a0\u00bb success_validation_font=\u00a0\u00bbWork Sans||||||||\u00a0\u00bb success_validation_text_align=\u00a0\u00bbcenter\u00a0\u00bb success_validation_font_size=\u00a0\u00bb13px\u00a0\u00bb custom_button_one=\u00a0\u00bbon\u00a0\u00bb button_one_text_color=\u00a0\u00bb#FFFFFF\u00a0\u00bb button_one_bg_color=\u00a0\u00bb#511D9A\u00a0\u00bb button_one_border_width=\u00a0\u00bb0px\u00a0\u00bb button_one_border_radius=\u00a0\u00bb0px\u00a0\u00bb button_one_letter_spacing=\u00a0\u00bb0.02em\u00a0\u00bb button_one_font=\u00a0\u00bbMyriadPro-BoldCond|||on|||||\u00a0\u00bb button_one_use_icon=\u00a0\u00bboff\u00a0\u00bb button_one_custom_padding=\u00a0\u00bb0.7rem|2rem|0.7rem|2rem|true|true\u00a0\u00bb button_one_custom_padding_tablet=\u00a0\u00bb0.7rem|2rem|0.7rem|2rem|true|true\u00a0\u00bb button_one_custom_padding_phone=\u00a0\u00bb0.6rem|1.5rem|0.6rem|1.5rem|true|true\u00a0\u00bb button_one_custom_padding_last_edited=\u00a0\u00bbon|phone\u00a0\u00bb button_one_text_size_tablet=\u00a0\u00bb\u00a0\u00bb button_one_text_size_phone=\u00a0\u00bb18px\u00a0\u00bb button_one_text_size_last_edited=\u00a0\u00bbon|phone\u00a0\u00bb border_width_bottom_image=\u00a0\u00bb1px\u00a0\u00bb border_color_bottom_image=\u00a0\u00bbrgba(81,29,154,0.5)\u00a0\u00bb border_width_all_error_validation=\u00a0\u00bb0px\u00a0\u00bb border_width_all_validation_success=\u00a0\u00bb0px\u00a0\u00bb global_colors_info=\u00a0\u00bb{}\u00a0\u00bb button_one_bg_color__hover_enabled=\u00a0\u00bbon|hover\u00a0\u00bb button_one_bg_color__hover=\u00a0\u00bb#FF7507&Prime; button_one_bg_enable_color__hover=\u00a0\u00bbon\u00a0\u00bb][\/dsm_contact_form_7][\/et_pb_column][\/et_pb_row][et_pb_row admin_label=\u00a0\u00bbFloating vegetables front\u00a0\u00bb module_class=\u00a0\u00bb_uw-row _rellax_4p\u00a0\u00bb _builder_version=\u00a0\u00bb4.24.0&Prime; _module_preset=\u00a0\u00bbdefault\u00a0\u00bb background_enable_color=\u00a0\u00bboff\u00a0\u00bb background_image=\u00a0\u00bb\/wp-content\/themes\/Divi\/images\/floating_vegetables_right.png\u00a0\u00bb background_size=\u00a0\u00bbcustom\u00a0\u00bb background_image_width=\u00a0\u00bb16vw\u00a0\u00bb background_position=\u00a0\u00bbtop_right\u00a0\u00bb positioning=\u00a0\u00bbabsolute\u00a0\u00bb width=\u00a0\u00bb100%\u00a0\u00bb max_width=\u00a0\u00bb100%\u00a0\u00bb height=\u00a0\u00bb100%\u00a0\u00bb custom_padding=\u00a0\u00bb0px|0px|0px|0px|false|false\u00a0\u00bb background_last_edited=\u00a0\u00bbon|tablet\u00a0\u00bb background_image_width_tablet=\u00a0\u00bb24vw\u00a0\u00bb custom_css_main_element=\u00a0\u00bbright: 0!important;\u00a0\u00bb dsm_modules_custom_attribute_on_off=\u00a0\u00bbon\u00a0\u00bb dsm_custom_attributes_options=\u00a0\u00bb%91{%22value%22:%22data-rellax-speed%22,%22checked%22:0,%22dragID%22:-1,%22link_url%22:%22data-rellax-speed%22,%22link_text%22:%223%22}%93&Prime; locked=\u00a0\u00bboff\u00a0\u00bb global_colors_info=\u00a0\u00bb{}\u00a0\u00bb][et_pb_column type=\u00a0\u00bb4_4&Prime; _builder_version=\u00a0\u00bb4.24.0&Prime; _module_preset=\u00a0\u00bbdefault\u00a0\u00bb global_colors_info=\u00a0\u00bb{}\u00a0\u00bb][\/et_pb_column][\/et_pb_row][et_pb_row admin_label=\u00a0\u00bbFloating vegetables front\u00a0\u00bb module_class=\u00a0\u00bb_uw-row _rellax_4p\u00a0\u00bb _builder_version=\u00a0\u00bb4.24.0&Prime; _module_preset=\u00a0\u00bbdefault\u00a0\u00bb background_enable_color=\u00a0\u00bboff\u00a0\u00bb background_image=\u00a0\u00bb\/wp-content\/themes\/Divi\/images\/floating_vegetables_left.png\u00a0\u00bb background_size=\u00a0\u00bbcustom\u00a0\u00bb background_image_width=\u00a0\u00bb16vw\u00a0\u00bb background_position=\u00a0\u00bbtop_left\u00a0\u00bb positioning=\u00a0\u00bbabsolute\u00a0\u00bb width=\u00a0\u00bb100%\u00a0\u00bb max_width=\u00a0\u00bb100%\u00a0\u00bb height=\u00a0\u00bb100%\u00a0\u00bb custom_padding=\u00a0\u00bb0px|0px|0px|0px|false|false\u00a0\u00bb background_last_edited=\u00a0\u00bbon|phone\u00a0\u00bb background_image_width_tablet=\u00a0\u00bb24vw\u00a0\u00bb custom_css_main_element=\u00a0\u00bbright: 0!important;\u00a0\u00bb dsm_modules_custom_attribute_on_off=\u00a0\u00bbon\u00a0\u00bb dsm_custom_attributes_options=\u00a0\u00bb%91{%22value%22:%22data-rellax-speed%22,%22checked%22:0,%22dragID%22:-1,%22link_url%22:%22data-rellax-speed%22,%22link_text%22:%223%22}%93&Prime; locked=\u00a0\u00bboff\u00a0\u00bb global_colors_info=\u00a0\u00bb{}\u00a0\u00bb][et_pb_column type=\u00a0\u00bb4_4&Prime; _builder_version=\u00a0\u00bb4.24.0&Prime; _module_preset=\u00a0\u00bbdefault\u00a0\u00bb global_colors_info=\u00a0\u00bb{}\u00a0\u00bb][\/et_pb_column][\/et_pb_row][\/et_pb_section]<\/p>\n","protected":false},"excerpt":{"rendered":"<p>Contacter<div class=\"et_pb_with_border et_pb_module dsm_contact_form_7 dsm_contact_form_7_0\">\n\t\t\t\t\n\t\t\t\t\n\t\t\t\t\n\t\t\t\t\n\t\t\t\t\n\t\t\t\t\n\t\t\t\t<div class=\"et_pb_module_inner\">\n\t\t\t\t\t<div class=\"\">\n\t\t\t\t\n<div class=\"wpcf7 no-js\" id=\"wpcf7-f1677-o1\" lang=\"fr-FR\" dir=\"ltr\" data-wpcf7-id=\"1677\">\n<div class=\"screen-reader-response\"><p role=\"status\" aria-live=\"polite\" aria-atomic=\"true\"><\/p> <ul><\/ul><\/div>\n<form action=\"\/fr\/wp-json\/wp\/v2\/pages\/1691#wpcf7-f1677-o1\" method=\"post\" class=\"wpcf7-form init\" aria-label=\"Contact form\" novalidate=\"novalidate\" data-status=\"init\">\n<fieldset class=\"hidden-fields-container\"><input type=\"hidden\" name=\"_wpcf7\" value=\"1677\" \/><input type=\"hidden\" name=\"_wpcf7_version\" value=\"6.1.5\" \/><input type=\"hidden\" name=\"_wpcf7_locale\" value=\"fr_FR\" \/><input type=\"hidden\" name=\"_wpcf7_unit_tag\" value=\"wpcf7-f1677-o1\" \/><input type=\"hidden\" name=\"_wpcf7_container_post\" value=\"0\" \/><input type=\"hidden\" name=\"_wpcf7_posted_data_hash\" value=\"\" \/><input type=\"hidden\" name=\"_wpcf7_recaptcha_response\" value=\"\" \/>\n<\/fieldset>\n<div class=\"cform__row\">\n\t<div class=\"cform__field\">\n\t\t<p><label>Nom <span>*<\/span><\/label><br \/>\n<span class=\"wpcf7-form-control-wrap\" data-name=\"first-name\"><input size=\"40\" maxlength=\"400\" class=\"wpcf7-form-control wpcf7-text wpcf7-validates-as-required\" aria-required=\"true\" aria-invalid=\"false\" placeholder=\"Entrez votre nom\" value=\"\" type=\"text\" name=\"first-name\" \/><\/span>\n\t\t<\/p>\n\t<\/div>\n\t<div class=\"cform__field\">\n\t\t<p><label>Pr\u00e9nom <span>*<\/span><\/label><br \/>\n<span class=\"wpcf7-form-control-wrap\" data-name=\"last-name\"><input size=\"40\" maxlength=\"400\" class=\"wpcf7-form-control wpcf7-text wpcf7-validates-as-required\" aria-required=\"true\" aria-invalid=\"false\" placeholder=\"Veuillez saisir votre pr\u00e9nom\" value=\"\" type=\"text\" name=\"last-name\" \/><\/span>\n\t\t<\/p>\n\t<\/div>\n<\/div>\n<div class=\"cform__field\">\n\t<p><label>Email <span>*<\/span><\/label><br \/>\n<span class=\"wpcf7-form-control-wrap\" data-name=\"email-address\"><input size=\"40\" maxlength=\"400\" class=\"wpcf7-form-control wpcf7-email wpcf7-validates-as-required wpcf7-text wpcf7-validates-as-email\" aria-required=\"true\" aria-invalid=\"false\" placeholder=\"Saisissez votre adresse \u00e9lectronique\" value=\"\" type=\"email\" name=\"email-address\" \/><\/span>\n\t<\/p>\n<\/div>\n<div class=\"cform__field\">\n\t<p><label>T\u00e9l\u00e9phone <span>*<\/span><\/label><br \/>\n<span class=\"wpcf7-form-control-wrap\" data-name=\"phone-number\"><input size=\"40\" maxlength=\"400\" class=\"wpcf7-form-control wpcf7-tel wpcf7-validates-as-required wpcf7-text wpcf7-validates-as-tel\" aria-required=\"true\" aria-invalid=\"false\" placeholder=\"Entrez votre num\u00e9ro de t\u00e9l\u00e9phone\" value=\"\" type=\"tel\" name=\"phone-number\" \/><\/span>\n\t<\/p>\n<\/div>\n<div class=\"cform__row\">\n\t<div class=\"cform__field\">\n\t\t<p><label>Nom de l'entreprise<\/label><br \/>\n<span class=\"wpcf7-form-control-wrap\" data-name=\"company-name\"><input size=\"40\" maxlength=\"400\" class=\"wpcf7-form-control wpcf7-text\" aria-invalid=\"false\" placeholder=\"Saisissez le nom de votre entreprise\" value=\"\" type=\"text\" name=\"company-name\" \/><\/span>\n\t\t<\/p>\n\t<\/div>\n\t<div class=\"cform__field\">\n\t\t<p><label>Adres<\/label><br \/>\n<span class=\"wpcf7-form-control-wrap\" data-name=\"address\"><input size=\"40\" maxlength=\"400\" class=\"wpcf7-form-control wpcf7-text\" aria-invalid=\"false\" placeholder=\"Entrez votre adresse\" value=\"\" type=\"text\" name=\"address\" \/><\/span>\n\t\t<\/p>\n\t<\/div>\n<\/div>\n<div class=\"cform__field cform__field-end\">\n\t<p><label>Message<\/label><br \/>\n<span class=\"wpcf7-form-control-wrap\" data-name=\"message\"><textarea cols=\"40\" rows=\"10\" maxlength=\"2000\" class=\"wpcf7-form-control wpcf7-textarea\" aria-invalid=\"false\" placeholder=\"Votre message\" name=\"message\"><\/textarea><\/span>\n\t<\/p>\n<\/div>\n<div>\n\t<div>\n\t\t<p><span class=\"wpcf7-form-control-wrap\" data-name=\"acceptance-323\"><span class=\"wpcf7-form-control wpcf7-acceptance\"><span class=\"wpcf7-list-item\"><label><input type=\"checkbox\" name=\"acceptance-323\" value=\"1\" aria-invalid=\"false\" \/><span class=\"wpcf7-list-item-label\">J'accepte la <a target=\"_blank\" href=\"\/fr\/politique-de-confidentialite\/\">politique de confidentialit\u00e9<\/a><\/span><\/label><\/span><\/span><\/span>\n\t\t<\/p>\n\t<\/div>\n<\/div>\n<p><button class=\"wpcf7-form-control wpcf7-submit has-spinner et_pb_button et_pb_bg_layout_light\" type=\"submit\" value=\"Envoyer\">Envoyer<\/button>\n<\/p><div class=\"wpcf7-response-output\" aria-hidden=\"true\"><\/div>\n<\/form>\n<\/div>\n\n\t\t\t<\/div>\n\t\t\t\t<\/div>\n\t\t\t<\/div><\/p>\n","protected":false},"author":1,"featured_media":0,"parent":0,"menu_order":0,"comment_status":"closed","ping_status":"closed","template":"","meta":{"_acf_changed":false,"_et_pb_use_builder":"on","_et_pb_old_content":"","_et_gb_content_width":"","inline_featured_image":false,"footnotes":""},"dipi_cpt_category":[],"class_list":["post-1691","page","type-page","status-publish","hentry"],"acf":[],"yoast_head":"<!-- This site is optimized with the Yoast SEO plugin v27.3 - https:\/\/yoast.com\/product\/yoast-seo-wordpress\/ -->\n<title>Contacter - Marie Thumas<\/title>\n<meta name=\"robots\" content=\"index, follow, max-snippet:-1, max-image-preview:large, max-video-preview:-1\" \/>\n<link rel=\"canonical\" href=\"https:\/\/mariethumaspro.com\/fr\/contacter\/\" \/>\n<meta property=\"og:locale\" content=\"fr_FR\" \/>\n<meta property=\"og:type\" content=\"article\" \/>\n<meta property=\"og:title\" content=\"Contacter - Marie Thumas\" \/>\n<meta property=\"og:description\" content=\"Contacter\" \/>\n<meta property=\"og:url\" content=\"https:\/\/mariethumaspro.com\/fr\/contacter\/\" \/>\n<meta property=\"og:site_name\" content=\"Marie Thumas\" \/>\n<meta property=\"article:modified_time\" content=\"2024-03-17T06:06:07+00:00\" \/>\n<meta name=\"twitter:card\" content=\"summary_large_image\" \/>\n<meta name=\"twitter:label1\" content=\"Est. reading time\" \/>\n\t<meta name=\"twitter:data1\" content=\"3 minutes\" \/>\n<script type=\"application\/ld+json\" class=\"yoast-schema-graph\">{\"@context\":\"https:\\\/\\\/schema.org\",\"@graph\":[{\"@type\":\"WebPage\",\"@id\":\"https:\\\/\\\/mariethumaspro.com\\\/fr\\\/contacter\\\/\",\"url\":\"https:\\\/\\\/mariethumaspro.com\\\/fr\\\/contacter\\\/\",\"name\":\"Contacter - Marie Thumas\",\"isPartOf\":{\"@id\":\"https:\\\/\\\/mariethumaspro.com\\\/fr\\\/#website\"},\"datePublished\":\"2024-03-09T12:22:38+00:00\",\"dateModified\":\"2024-03-17T06:06:07+00:00\",\"breadcrumb\":{\"@id\":\"https:\\\/\\\/mariethumaspro.com\\\/fr\\\/contacter\\\/#breadcrumb\"},\"inLanguage\":\"fr-FR\",\"potentialAction\":[{\"@type\":\"ReadAction\",\"target\":[\"https:\\\/\\\/mariethumaspro.com\\\/fr\\\/contacter\\\/\"]}]},{\"@type\":\"BreadcrumbList\",\"@id\":\"https:\\\/\\\/mariethumaspro.com\\\/fr\\\/contacter\\\/#breadcrumb\",\"itemListElement\":[{\"@type\":\"ListItem\",\"position\":1,\"name\":\"Home\",\"item\":\"https:\\\/\\\/mariethumaspro.com\\\/fr\\\/\"},{\"@type\":\"ListItem\",\"position\":2,\"name\":\"Contacter\"}]},{\"@type\":\"WebSite\",\"@id\":\"https:\\\/\\\/mariethumaspro.com\\\/fr\\\/#website\",\"url\":\"https:\\\/\\\/mariethumaspro.com\\\/fr\\\/\",\"name\":\"Marie Thumas\",\"description\":\"\",\"potentialAction\":[{\"@type\":\"SearchAction\",\"target\":{\"@type\":\"EntryPoint\",\"urlTemplate\":\"https:\\\/\\\/mariethumaspro.com\\\/fr\\\/?s={search_term_string}\"},\"query-input\":{\"@type\":\"PropertyValueSpecification\",\"valueRequired\":true,\"valueName\":\"search_term_string\"}}],\"inLanguage\":\"fr-FR\"}]}<\/script>\n<!-- \/ Yoast SEO plugin. -->","yoast_head_json":{"title":"Contacter - Marie Thumas","robots":{"index":"index","follow":"follow","max-snippet":"max-snippet:-1","max-image-preview":"max-image-preview:large","max-video-preview":"max-video-preview:-1"},"canonical":"https:\/\/mariethumaspro.com\/fr\/contacter\/","og_locale":"fr_FR","og_type":"article","og_title":"Contacter - Marie Thumas","og_description":"Contacter","og_url":"https:\/\/mariethumaspro.com\/fr\/contacter\/","og_site_name":"Marie Thumas","article_modified_time":"2024-03-17T06:06:07+00:00","twitter_card":"summary_large_image","twitter_misc":{"Est. reading time":"3 minutes"},"schema":{"@context":"https:\/\/schema.org","@graph":[{"@type":"WebPage","@id":"https:\/\/mariethumaspro.com\/fr\/contacter\/","url":"https:\/\/mariethumaspro.com\/fr\/contacter\/","name":"Contacter - Marie Thumas","isPartOf":{"@id":"https:\/\/mariethumaspro.com\/fr\/#website"},"datePublished":"2024-03-09T12:22:38+00:00","dateModified":"2024-03-17T06:06:07+00:00","breadcrumb":{"@id":"https:\/\/mariethumaspro.com\/fr\/contacter\/#breadcrumb"},"inLanguage":"fr-FR","potentialAction":[{"@type":"ReadAction","target":["https:\/\/mariethumaspro.com\/fr\/contacter\/"]}]},{"@type":"BreadcrumbList","@id":"https:\/\/mariethumaspro.com\/fr\/contacter\/#breadcrumb","itemListElement":[{"@type":"ListItem","position":1,"name":"Home","item":"https:\/\/mariethumaspro.com\/fr\/"},{"@type":"ListItem","position":2,"name":"Contacter"}]},{"@type":"WebSite","@id":"https:\/\/mariethumaspro.com\/fr\/#website","url":"https:\/\/mariethumaspro.com\/fr\/","name":"Marie Thumas","description":"","potentialAction":[{"@type":"SearchAction","target":{"@type":"EntryPoint","urlTemplate":"https:\/\/mariethumaspro.com\/fr\/?s={search_term_string}"},"query-input":{"@type":"PropertyValueSpecification","valueRequired":true,"valueName":"search_term_string"}}],"inLanguage":"fr-FR"}]}},"_links":{"self":[{"href":"https:\/\/mariethumaspro.com\/fr\/wp-json\/wp\/v2\/pages\/1691","targetHints":{"allow":["GET"]}}],"collection":[{"href":"https:\/\/mariethumaspro.com\/fr\/wp-json\/wp\/v2\/pages"}],"about":[{"href":"https:\/\/mariethumaspro.com\/fr\/wp-json\/wp\/v2\/types\/page"}],"author":[{"embeddable":true,"href":"https:\/\/mariethumaspro.com\/fr\/wp-json\/wp\/v2\/users\/1"}],"replies":[{"embeddable":true,"href":"https:\/\/mariethumaspro.com\/fr\/wp-json\/wp\/v2\/comments?post=1691"}],"version-history":[{"count":10,"href":"https:\/\/mariethumaspro.com\/fr\/wp-json\/wp\/v2\/pages\/1691\/revisions"}],"predecessor-version":[{"id":1778,"href":"https:\/\/mariethumaspro.com\/fr\/wp-json\/wp\/v2\/pages\/1691\/revisions\/1778"}],"wp:attachment":[{"href":"https:\/\/mariethumaspro.com\/fr\/wp-json\/wp\/v2\/media?parent=1691"}],"wp:term":[{"taxonomy":"dipi_cpt_category","embeddable":true,"href":"https:\/\/mariethumaspro.com\/fr\/wp-json\/wp\/v2\/dipi_cpt_category?post=1691"}],"curies":[{"name":"wp","href":"https:\/\/api.w.org\/{rel}","templated":true}]}}